{"id":14825,"date":"2023-07-21T16:07:09","date_gmt":"2023-07-21T16:07:09","guid":{"rendered":"https:\/\/thebouquet.pt\/thebouquet\/?page_id=14825"},"modified":"2023-07-21T16:13:17","modified_gmt":"2023-07-21T16:13:17","slug":"politica-de-devolucoes","status":"publish","type":"page","link":"https:\/\/thebouquet.pt\/en\/politica-de-devolucoes\/","title":{"rendered":"Returns Policy"},"content":{"rendered":"<div data-elementor-type=\"wp-page\" data-elementor-id=\"14825\" class=\"elementor elementor-14825\" data-elementor-post-type=\"page\">\n\t\t\t\t\t\t<section class=\"wd-negative-gap elementor-section elementor-top-section elementor-element elementor-element-ec4525b elementor-section-boxed elementor-section-height-default elementor-section-height-default\" data-id=\"ec4525b\" data-element_type=\"section\" data-e-type=\"section\">\n\t\t\t\t\t\t<div class=\"elementor-container elementor-column-gap-default\">\n\t\t\t\t\t<div class=\"elementor-column elementor-col-100 elementor-top-column elementor-element elementor-element-357ef74\" data-id=\"357ef74\" data-element_type=\"column\" data-e-type=\"column\">\n\t\t\t<div class=\"elementor-widget-wrap elementor-element-populated\">\n\t\t\t\t\t\t<div class=\"elementor-element elementor-element-8c585ee elementor-widget elementor-widget-heading\" data-id=\"8c585ee\" data-element_type=\"widget\" data-e-type=\"widget\" data-widget_type=\"heading.default\">\n\t\t\t\t<div class=\"elementor-widget-container\">\n\t\t\t\t\t<h2 class=\"elementor-heading-title elementor-size-default\">pol\u00edtica de devolu\u00e7\u00f5es<\/h2>\t\t\t\t<\/div>\n\t\t\t\t<\/div>\n\t\t\t\t<div class=\"elementor-element elementor-element-d3cb9b2 color-scheme-inherit text-left elementor-widget elementor-widget-text-editor\" data-id=\"d3cb9b2\" data-element_type=\"widget\" data-e-type=\"widget\" data-widget_type=\"text-editor.default\">\n\t\t\t\t<div class=\"elementor-widget-container\">\n\t\t\t\t\t\t\t\t\t<p><strong>Devolu\u00e7\u00e3o de artigo:<\/strong><\/p><p>Todos os nossos Bouquets, s\u00e3o criteriosamente preparados com flores frescas de qualidade, contudo, caso se verifique algum problema com o seu Bouquet, dever\u00e1 entrar em contacto: hello@thebouquet.pt no prazo m\u00e1ximo 8h ap\u00f3s a entrega.<\/p><p>A The Bouquet, n\u00e3o aceita devolu\u00e7\u00f5es dos seus bouquets, por se tratar de um produto natural e perec\u00edvel, a n\u00e3o ser que seja detectada alguma anomalia nas flores.\u00a0<\/p><p><strong>Cancelamento de Encomenda:<\/strong><\/p><p>Apenas \u00e9 poss\u00edvel cancelar um pedido de entrega de flores caso ainda n\u00e3o tenha sido entregue ou que o processo de entrega n\u00e3o esteja em curso. Para cancelar o pedido, deve enviar um e-mail para hello@thebouquet.pt\u00a0com o t\u00edtulo \u201cCancelamento do Pedido N\u00ba 00000\u201d, ou ligar para a nossa central de atendimento.\u00a0Em ambos os casos enviaremos um e-mail de confirma\u00e7\u00e3o do cancelamento para o endere\u00e7o eletr\u00f3nico constante do pedido.\u00a0<\/p><p>Em alternativa poder\u00e1 ser emitido um voucher com a totalidade do valor j\u00e1 cobrado, sem limite de validade.<\/p>\t\t\t\t\t\t\t\t<\/div>\n\t\t\t\t<\/div>\n\t\t\t\t\t<\/div>\n\t\t<\/div>\n\t\t\t\t\t<\/div>\n\t\t<\/section>\n\t\t\t\t<\/div>","protected":false},"excerpt":{"rendered":"<p>pol\u00edtica de devolu\u00e7\u00f5es Devolu\u00e7\u00e3o de artigo: Todos os nossos Bouquets, s\u00e3o criteriosamente preparados com flores frescas de qualidade, contudo, caso<\/p>","protected":false},"author":1,"featured_media":0,"parent":0,"menu_order":0,"comment_status":"closed","ping_status":"open","template":"","meta":{"_seopress_robots_primary_cat":"","_seopress_titles_title":"","_seopress_titles_desc":"","_seopress_robots_index":"","_seopress_analysis_target_kw":"","footnotes":""},"class_list":["post-14825","page","type-page","status-publish","hentry"],"_links":{"self":[{"href":"https:\/\/thebouquet.pt\/en\/wp-json\/wp\/v2\/pages\/14825","targetHints":{"allow":["GET"]}}],"collection":[{"href":"https:\/\/thebouquet.pt\/en\/wp-json\/wp\/v2\/pages"}],"about":[{"href":"https:\/\/thebouquet.pt\/en\/wp-json\/wp\/v2\/types\/page"}],"author":[{"embeddable":true,"href":"https:\/\/thebouquet.pt\/en\/wp-json\/wp\/v2\/users\/1"}],"replies":[{"embeddable":true,"href":"https:\/\/thebouquet.pt\/en\/wp-json\/wp\/v2\/comments?post=14825"}],"version-history":[{"count":7,"href":"https:\/\/thebouquet.pt\/en\/wp-json\/wp\/v2\/pages\/14825\/revisions"}],"predecessor-version":[{"id":14837,"href":"https:\/\/thebouquet.pt\/en\/wp-json\/wp\/v2\/pages\/14825\/revisions\/14837"}],"wp:attachment":[{"href":"https:\/\/thebouquet.pt\/en\/wp-json\/wp\/v2\/media?parent=14825"}],"curies":[{"name":"wp","href":"https:\/\/api.w.org\/{rel}","templated":true}]}}